{"id":365,"date":"2024-08-21T15:22:36","date_gmt":"2024-08-21T21:22:36","guid":{"rendered":"https:\/\/wordpress-972860-4677930.cloudwaysapps.com\/?page_id=365"},"modified":"2024-12-09T13:58:53","modified_gmt":"2024-12-09T17:58:53","slug":"nuestro-territorio","status":"publish","type":"page","link":"https:\/\/lekilkuxlejaltaosilal.org\/en\/nuestro-territorio\/","title":{"rendered":"Our territory"},"content":{"rendered":"<div data-elementor-type=\"wp-page\" data-elementor-id=\"365\" class=\"elementor elementor-365\" data-elementor-post-type=\"page\">\n\t\t\t\t<div data-particle_enable=\"false\" data-particle-mobile-disabled=\"false\" class=\"elementor-element elementor-element-485b7f7 e-flex e-con-boxed elementor-invisible e-con e-parent\" data-id=\"485b7f7\" data-element_type=\"container\" data-e-type=\"container\" data-settings=\"{&quot;animation&quot;:&quot;fadeIn&quot;}\">\n\t\t\t\t\t<div class=\"e-con-inner\">\n\t\t<div data-particle_enable=\"false\" data-particle-mobile-disabled=\"false\" class=\"elementor-element elementor-element-4163190 e-con-full e-flex e-con e-child\" data-id=\"4163190\" data-element_type=\"container\" data-e-type=\"container\">\n\t\t\t\t<div class=\"elementor-element elementor-element-4d76594 elementor-widget elementor-widget-heading\" data-id=\"4d76594\" data-element_type=\"widget\" data-e-type=\"widget\" data-widget_type=\"heading.default\">\n\t\t\t\t<div class=\"elementor-widget-container\">\n\t\t\t\t\t<h2 class=\"elementor-heading-title elementor-size-default\">Our territory<\/h2>\t\t\t\t<\/div>\n\t\t\t\t<\/div>\n\t\t\t\t<div class=\"elementor-element elementor-element-ae760f4 elementor-widget elementor-widget-heading\" data-id=\"ae760f4\" data-element_type=\"widget\" data-e-type=\"widget\" data-widget_type=\"heading.default\">\n\t\t\t\t<div class=\"elementor-widget-container\">\n\t\t\t\t\t<h2 class=\"elementor-heading-title elementor-size-default\">We, the Tsotsil and Tseltal peoples of the highlands region, share a territory with similar physical characteristics such as relief, hydrology, climate, altitude, soil types, vegetation, flora and fauna.\nshare a territory with similar physical characteristics such as relief, hydrology, climate, altitude, soil types, vegetation, flora and fauna, which unites us in a symbolic and sacred relationship with Mother Earth.\nand fauna, which unites us in a symbolic and sacred relationship with Mother Earth,\nWe consider her as a divine entity that provides us with life and sustenance.\nand sustenance, which is why we maintain a relationship of respect and reciprocity with her. Our\nconnection with nature is essential to maintain the harmony and wellbeing of our community.\nand wellbeing of our community, so we perform practices and ceremonies in her honor and ensure the\nand we watch over the preservation of the environment for future generations.<\/h2>\t\t\t\t<\/div>\n\t\t\t\t<\/div>\n\t\t\t\t<div class=\"elementor-element elementor-element-d29b049 elementor-widget elementor-widget-eael-advanced-search\" data-id=\"d29b049\" data-element_type=\"widget\" data-e-type=\"widget\" data-widget_type=\"eael-advanced-search.default\">\n\t\t\t\t<div class=\"elementor-widget-container\">\n\t\t\t\t\t        <div class=\"eael-adv-search-wrapper\">\n            <div id=\"eael-advanced-search-widget-d29b049\" class=\"eael-advanced-search-widget\">\n                <form data-settings=\"{&quot;post_per_page&quot;:&quot;5&quot;,&quot;search_among_taxonomies&quot;:&quot;no&quot;,&quot;show_popular_keyword&quot;:0,&quot;show_category&quot;:0,&quot;show_content_image&quot;:1,&quot;show_search_result_all_results&quot;:0,&quot;result_on_new_tab&quot;:&quot;no&quot;,&quot;show_product_price&quot;:&quot;no&quot;,&quot;current_post_id&quot;:365}\" method=\"POST\" name=\"eael-advanced-search-form-d29b049\" class=\"eael-advanced-search-form eael-advanced-search-form-style-2\" action=\"\">\n                    <div class=\"eael-advanced-search-wrap\">\n                        <span class=\"eael-adv-search-loader\"><\/span>\n                        <span class=\"eael-adv-search-close\"><i class=\"fas fa-times\"><\/i><\/span>\n                        <span class=\"icon\"><i class=\"fas fa-search\"><\/i><\/span>\n\n                        <input type=\"text\"\n                               placeholder=\"What are you looking for? \"\n                               class=\"eael-advanced-search\" autocomplete=\"off\" name=\"eael_advanced_search\">\n                    <\/div>\n\t\t\t\t\t                                            <button class=\"eael-advanced-search-button\">Search<\/button>\n                                    <input type=\"hidden\" name=\"trp-form-language\" value=\"en\"\/><\/form>\n\n\t\t\t\t\n\t\t\t\t        <div class=\"eael-advanced-search-result\">\n            <div class=\"eael-advanced-search-popular-keyword\">\n\t\t\t\t<h4 class=\"eael-advanced-search-popular-keyword-text\">Popular<\/h4>                <div class=\"eael-popular-keyword-content\"><\/div>\n            <\/div>\n            <div class=\"eael-advanced-search-category\">\n\t\t\t\t<h4 class=\"eael-advanced-search-category-text\">Categories<\/h4>                <div class=\"eael-popular-category-content\"><\/div>\n            <\/div>\n\t\t\t<div class=\"eael-advanced-search-total-results-section\">\n\t\t\t\t\t\t\t<\/div>\n            <div class=\"eael-advanced-search-content eael-item-style-1\">\n            <\/div>\n            <div class=\"eael-advanced-search-not-found\">\n                <p>No Record Found<\/p><\/div>\n            <div class=\"eael-advanced-search-load-more\">\n\t\t\t\t<a \tclass=\"eael-advanced-search-load-more-button\"\n                \thref=\"#\">See all results <\/a>\n            <\/div>\n        <\/div>\n\n\t\t <!-- Already escaped -->\n            <\/div>\n        <\/div>\n\n\t\t\t\t\t\t<\/div>\n\t\t\t\t<\/div>\n\t\t\t\t<\/div>\n\t\t\t\t\t<\/div>\n\t\t\t\t<\/div>\n\t\t<div data-particle_enable=\"false\" data-particle-mobile-disabled=\"false\" class=\"elementor-element elementor-element-adc102d e-flex e-con-boxed elementor-invisible e-con e-parent\" data-id=\"adc102d\" data-element_type=\"container\" data-e-type=\"container\" data-settings=\"{&quot;animation&quot;:&quot;fadeInUp&quot;}\">\n\t\t\t\t\t<div class=\"e-con-inner\">\n\t\t\t\t<div class=\"elementor-element elementor-element-fa710aa elementor-widget elementor-widget-ucaddon_post_grid\" data-id=\"fa710aa\" data-element_type=\"widget\" data-e-type=\"widget\" data-widget_type=\"ucaddon_post_grid.default\">\n\t\t\t\t<div class=\"elementor-widget-container\">\n\t\t\t\t\t<!-- start Post Grid -->\n\t\t<link id='font-awesome-css' href='https:\/\/lekilkuxlejaltaosilal.org\/wp-content\/plugins\/unlimited-elements-for-elementor-premium\/assets_libraries\/font-awesome5\/css\/fontawesome-all.min.css' type='text\/css' rel='stylesheet' >\n\t\t<link id='font-awesome-4-shim-css' href='https:\/\/lekilkuxlejaltaosilal.org\/wp-content\/plugins\/unlimited-elements-for-elementor-premium\/assets_libraries\/font-awesome5\/css\/fontawesome-v4-shims.css' type='text\/css' rel='stylesheet' >\n\n\t\t\t<style type=\"text\/css\">\/* widget: Post Grid *\/\n\n\n\n#uc_post_grid_elementor_fa710aa{\n  min-height: 1px;\n}\n\n#uc_post_grid_elementor_fa710aa.uc_post_grid_style_one .uc_post_grid_style_one_wrap {\n   display:grid;\n}\n\n\n#uc_post_grid_elementor_fa710aa .uc_post_grid_style_one_item{\n  position:relative;\n}\n\n#uc_post_grid_elementor_fa710aa .uc_post_image{\n  transition:0.3s;\n  position:relative;\n  overflow:hidden;\n}\n\n#uc_post_grid_elementor_fa710aa .uc_post_image img{\n  width:100%;\n  display:block;\n  transition:0.3s;\n}\n\n\t#uc_post_grid_elementor_fa710aa .ue-item:hover .uc_post_image img    {\n      transform:scale(1.1,1.1);\n    }\n\t\n\n#uc_post_grid_elementor_fa710aa .uc_post_image_overlay{\n  position:absolute;\n  top:0px;\n  left:0px;\n  height:100%;\n  width:100%;\n  transition:0.3s;\n}\n\n#uc_post_grid_elementor_fa710aa .uc_more_btn-custom-field{\n  display:inline-block;\n  text-align:center;\n  text-decoration:none;\n  transition:0.3s;\n}\n\n#uc_post_grid_elementor_fa710aa .uc_more_btn{\n  display:inline-block;\n  text-align:center;\n  text-decoration:none;\n  transition:0.3s;\n}\n\n.ue-grid-item-category a{\n  display:inline-block;\n  font-size:10px;\n  position: relative;\n  z-index: 1;\n}\n\n\n.uc_post_title{\n  font-size:21px;\n}\n\n\n\n  #uc_post_grid_elementor_fa710aa .ue_post_grid_item{\n    display:flex;\n    flex-direction:column;\n  }\n\n  #uc_post_grid_elementor_fa710aa.uc_post_grid_style_one .uc_content{\n   flex-grow:1;\n  }\n\n  #uc_post_grid_elementor_fa710aa.uc_post_grid_style_one .uc_content > div{\n    height:100%;\n    display:flex;\n    flex-direction:column;\n    justify-content: space-between;  }\n\n    #uc_post_grid_elementor_fa710aa .uc_post_button   {\n     margin-top:auto;\n   }\n  \n\n\n\n\n\n\n\n\n\n\n\n\n#uc_post_grid_elementor_fa710aa .ue-meta-data{  \n  display:flex;\n  flex-wrap: wrap;\n  line-height:1em;\n}\n\n#uc_post_grid_elementor_fa710aa .ue-grid-item-meta-data{\n  display:inline-flex;\n  align-items:center;\n}\n\n#uc_post_grid_elementor_fa710aa .ue-grid-item-meta-data a{\n  color:inherit;\n}\n\n.ue-grid-item-meta-data{\n  font-size:12px;\n}\n\n#uc_post_grid_elementor_fa710aa .ue-grid-item-meta-data-icon{\n  line-height:1em;\n}\n\n#uc_post_grid_elementor_fa710aa .ue-grid-item-meta-data-icon svg{\n  width:1em;\n  height:1em;\n}\n\n#uc_post_grid_elementor_fa710aa .ue-debug-meta{\n  padding:10px;\n  border:1px solid red;\n  position:relative;\n  line-height:1.5em;\n  font-size:11px;\n  width:100%;\n}\n\n#uc_post_grid_elementor_fa710aa .uc_btn_inner{\n  display:inline-flex;\n  align-items:center;\n}\n\n#uc_post_grid_elementor_fa710aa .uc_btn_inner svg{\n  width:1em;\n  height:1em;\n}\n\n\n  #uc_post_grid_elementor_fa710aa .ue_tags_terms{\n    display: flex;\n  }\n\n  .ue_tags_terms{\n    font-size:12px;\n  }\n\n#uc_post_grid_elementor_fa710aa .uc_content_inner{\n  width: 100%;\n}\n\n\n#uc_post_grid_elementor_fa710aa_item1 [href=\"javascript:void(0)\"]{\n  cursor: unset;\n}\n\n\n#uc_post_grid_elementor_fa710aa_item2 [href=\"javascript:void(0)\"]{\n  cursor: unset;\n}\n\n\n#uc_post_grid_elementor_fa710aa_item3 [href=\"javascript:void(0)\"]{\n  cursor: unset;\n}\n\n\n<\/style>\n\n\t\t\t<div class=\"uc_post_grid_style_one\" id=\"uc_post_grid_elementor_fa710aa\"  >\n\t\t<div class=\"uc_post_grid_style_one_wrap ue_post_grid uc-items-wrapper\">\n\t\t\t\n\n\n\n<div id=\"uc_post_grid_elementor_fa710aa_item1\" class=\"uc_post_grid_style_one_item ue_post_grid_item ue-item\">\n  \n      <a class=\"uc_post_grid_style_one_image\" href='https:\/\/lekilkuxlejaltaosilal.org\/en\/como-trabajamos-la-parcela-san-juan-cancu-chiapas\/' target=\"_self\">\n     <div class=\"uc_post_image\">\n       <img fetchpriority=\"high\" decoding=\"async\" src=\"https:\/\/lekilkuxlejaltaosilal.org\/wp-content\/uploads\/2024\/08\/parcela.webp\"  alt=\"parcela\" width=\"320\" height=\"180\">\n       <div class=\"uc_post_image_overlay\"><\/div>\n     <\/div>\n    <\/a>\n   \n  <div class=\"uc_content\">\n    <div class=\"uc_content_inner\">\n      <div class=\"uc_content-info-wrapper\" >\n        \n                 \n        \t        \t\t      \t\t        \n        \t<div class=\"ue-grid-item-category\">\n                            \t              \t\t<a href=\"https:\/\/lekilkuxlejaltaosilal.org\/en\/category\/nuestro-territorio\/\" class=\"nuestro-territorio\">Our territory<\/a>\n              \t                      \t<\/div>        \n      \n      \t      \n    <div class=\"ue_tags_terms\">  <a href=\"https:\/\/lekilkuxlejaltaosilal.org\/en\/tag\/san-juan-cancuc\/\" >San Juan Cancuc<\/a> <\/div> \n        \n\n            \t\t\t<div class=\"uc_post_title\"><a class=\"\" href='https:\/\/lekilkuxlejaltaosilal.org\/en\/como-trabajamos-la-parcela-san-juan-cancu-chiapas\/' target=\"_self\"><div class=\"ue_p_title\">How we work the plot<\/div><\/a><\/div>\n      \t\n                      \n       \n        <div class=\"ue-meta-data\">\n            \n                \t    \n                \n        \n\t\n                \n                \n                \n                \n    \t\t\t\n      \n            \n  <\/div>\t\n      \t<div class=\"uc_post_text\"><\/div>\n     \n                 \n                            \n                                  \n     <\/div>                      \n           <div class=\"uc_post_button\">\n        \n        <a class=\"uc_more_btn\" target=\"_self\" href='https:\/\/lekilkuxlejaltaosilal.org\/en\/como-trabajamos-la-parcela-san-juan-cancu-chiapas\/'>\n          <div class=\"uc_btn_inner\">\n            <div class=\"uc_btn_txt\">Watch video<\/div>\n                      <\/div>\n      \t<\/a>\n        \n                \n      <\/div>                           \n \t<\/div>  <\/div>      \n        \n<\/div>\n\n\n\n\n<div id=\"uc_post_grid_elementor_fa710aa_item2\" class=\"uc_post_grid_style_one_item ue_post_grid_item ue-item\">\n  \n      <a class=\"uc_post_grid_style_one_image\" href='https:\/\/lekilkuxlejaltaosilal.org\/en\/asi-cuidamos-nuestro-maiz-san-juan-cancuc-chiapas\/' target=\"_self\">\n     <div class=\"uc_post_image\">\n       <img decoding=\"async\" src=\"https:\/\/lekilkuxlejaltaosilal.org\/wp-content\/uploads\/2024\/08\/maiz.webp\"  alt=\"maiz\" width=\"320\" height=\"180\">\n       <div class=\"uc_post_image_overlay\"><\/div>\n     <\/div>\n    <\/a>\n   \n  <div class=\"uc_content\">\n    <div class=\"uc_content_inner\">\n      <div class=\"uc_content-info-wrapper\" >\n        \n                 \n        \t        \t\t      \t\t        \n        \t<div class=\"ue-grid-item-category\">\n                            \t              \t\t<a href=\"https:\/\/lekilkuxlejaltaosilal.org\/en\/category\/nuestro-territorio\/\" class=\"nuestro-territorio\">Our territory<\/a>\n              \t                      \t<\/div>        \n      \n      \t      \n    <div class=\"ue_tags_terms\">  <a href=\"https:\/\/lekilkuxlejaltaosilal.org\/en\/tag\/casas-de-semilla\/\" >Seed houses<\/a><a href=\"https:\/\/lekilkuxlejaltaosilal.org\/en\/tag\/san-juan-cancuc\/\" >San Juan Cancuc<\/a> <\/div> \n        \n\n            \t\t\t<div class=\"uc_post_title\"><a class=\"\" href='https:\/\/lekilkuxlejaltaosilal.org\/en\/asi-cuidamos-nuestro-maiz-san-juan-cancuc-chiapas\/' target=\"_self\"><div class=\"ue_p_title\">This is how we take care of our corn<\/div><\/a><\/div>\n      \t\n                      \n       \n        <div class=\"ue-meta-data\">\n            \n                \t    \n                \n        \n\t\n                \n                \n                \n                \n    \t\t\t\n      \n            \n  <\/div>\t\n      \t<div class=\"uc_post_text\"><\/div>\n     \n                 \n                            \n                                  \n     <\/div>                      \n           <div class=\"uc_post_button\">\n        \n        <a class=\"uc_more_btn\" target=\"_self\" href='https:\/\/lekilkuxlejaltaosilal.org\/en\/asi-cuidamos-nuestro-maiz-san-juan-cancuc-chiapas\/'>\n          <div class=\"uc_btn_inner\">\n            <div class=\"uc_btn_txt\">Watch video<\/div>\n                      <\/div>\n      \t<\/a>\n        \n                \n      <\/div>                           \n \t<\/div>  <\/div>      \n        \n<\/div>\n\n\n\n\n<div id=\"uc_post_grid_elementor_fa710aa_item3\" class=\"uc_post_grid_style_one_item ue_post_grid_item ue-item\">\n  \n      <a class=\"uc_post_grid_style_one_image\" href='https:\/\/lekilkuxlejaltaosilal.org\/en\/asi-hacemos-el-abono-organico-san-juan-cancuc-chiapas\/' target=\"_self\">\n     <div class=\"uc_post_image\">\n       <img decoding=\"async\" src=\"https:\/\/lekilkuxlejaltaosilal.org\/wp-content\/uploads\/2024\/08\/asi-hacemos-abono.webp\"  alt=\"asi hacemos abono\" width=\"320\" height=\"180\">\n       <div class=\"uc_post_image_overlay\"><\/div>\n     <\/div>\n    <\/a>\n   \n  <div class=\"uc_content\">\n    <div class=\"uc_content_inner\">\n      <div class=\"uc_content-info-wrapper\" >\n        \n                 \n        \t        \t\t      \t\t        \n        \t<div class=\"ue-grid-item-category\">\n                            \t              \t\t<a href=\"https:\/\/lekilkuxlejaltaosilal.org\/en\/category\/nuestro-territorio\/\" class=\"nuestro-territorio\">Our territory<\/a>\n              \t                      \t<\/div>        \n      \n      \t      \n    <div class=\"ue_tags_terms\">  <a href=\"https:\/\/lekilkuxlejaltaosilal.org\/en\/tag\/huertos\/\" >Orchards<\/a><a href=\"https:\/\/lekilkuxlejaltaosilal.org\/en\/tag\/san-juan-cancuc\/\" >San Juan Cancuc<\/a> <\/div> \n        \n\n            \t\t\t<div class=\"uc_post_title\"><a class=\"\" href='https:\/\/lekilkuxlejaltaosilal.org\/en\/asi-hacemos-el-abono-organico-san-juan-cancuc-chiapas\/' target=\"_self\"><div class=\"ue_p_title\">This is how we make compost<\/div><\/a><\/div>\n      \t\n                      \n       \n        <div class=\"ue-meta-data\">\n            \n                \t    \n                \n        \n\t\n                \n                \n                \n                \n    \t\t\t\n      \n            \n  <\/div>\t\n      \t<div class=\"uc_post_text\"><\/div>\n     \n                 \n                            \n                                  \n     <\/div>                      \n           <div class=\"uc_post_button\">\n        \n        <a class=\"uc_more_btn\" target=\"_self\" href='https:\/\/lekilkuxlejaltaosilal.org\/en\/asi-hacemos-el-abono-organico-san-juan-cancuc-chiapas\/'>\n          <div class=\"uc_btn_inner\">\n            <div class=\"uc_btn_txt\">Watch video<\/div>\n                      <\/div>\n      \t<\/a>\n        \n                \n      <\/div>                           \n \t<\/div>  <\/div>      \n        \n<\/div>\n\n\t\t<\/div>\n\t<\/div>\n\n\n\n  <div id=\"uc_post_grid_elementor_fa710aa_empty_message\" class=\"ue-no-posts-found\"  style=\"display:none\" >No posts found<\/div>\n\n\n\t\t\t<!-- end Post Grid -->\t\t\t\t<\/div>\n\t\t\t\t<\/div>\n\t\t\t\t\t<\/div>\n\t\t\t\t<\/div>\n\t\t\t\t<\/div>","protected":false},"excerpt":{"rendered":"<p>Nuestro territorio \u200b Nosotros, los pueblos tsotsiles y tseltales de la regi\u00f3n de los Altos, compartimos un territorio con caracter\u00edsticas f\u00edsicas similares como el relieve, la hidrolog\u00eda, el clima, la altura, los tipos de suelo, la vegetaci\u00f3n, la flora y la fauna, lo que nos une en una relaci\u00f3n simb\u00f3lica y sagrada con la Madre [&hellip;]<\/p>","protected":false},"author":2,"featured_media":0,"parent":0,"menu_order":0,"comment_status":"closed","ping_status":"closed","template":"","meta":{"_acf_changed":false,"nf_dc_page":"","_bbp_topic_count":0,"_bbp_reply_count":0,"_bbp_total_topic_count":0,"_bbp_total_reply_count":0,"_bbp_voice_count":0,"_bbp_anonymous_reply_count":0,"_bbp_topic_count_hidden":0,"_bbp_reply_count_hidden":0,"_bbp_forum_subforum_count":0,"footnotes":""},"wf_page_folders":[],"class_list":["post-365","page","type-page","status-publish","hentry"],"acf":[],"aioseo_notices":[],"_links":{"self":[{"href":"https:\/\/lekilkuxlejaltaosilal.org\/en\/wp-json\/wp\/v2\/pages\/365","targetHints":{"allow":["GET"]}}],"collection":[{"href":"https:\/\/lekilkuxlejaltaosilal.org\/en\/wp-json\/wp\/v2\/pages"}],"about":[{"href":"https:\/\/lekilkuxlejaltaosilal.org\/en\/wp-json\/wp\/v2\/types\/page"}],"author":[{"embeddable":true,"href":"https:\/\/lekilkuxlejaltaosilal.org\/en\/wp-json\/wp\/v2\/users\/2"}],"replies":[{"embeddable":true,"href":"https:\/\/lekilkuxlejaltaosilal.org\/en\/wp-json\/wp\/v2\/comments?post=365"}],"version-history":[{"count":9,"href":"https:\/\/lekilkuxlejaltaosilal.org\/en\/wp-json\/wp\/v2\/pages\/365\/revisions"}],"predecessor-version":[{"id":1566,"href":"https:\/\/lekilkuxlejaltaosilal.org\/en\/wp-json\/wp\/v2\/pages\/365\/revisions\/1566"}],"wp:attachment":[{"href":"https:\/\/lekilkuxlejaltaosilal.org\/en\/wp-json\/wp\/v2\/media?parent=365"}],"wp:term":[{"taxonomy":"wf_page_folders","embeddable":true,"href":"https:\/\/lekilkuxlejaltaosilal.org\/en\/wp-json\/wp\/v2\/wf_page_folders?post=365"}],"curies":[{"name":"wp","href":"https:\/\/api.w.org\/{rel}","templated":true}]}}