{"id":705,"date":"2024-08-28T14:44:12","date_gmt":"2024-08-28T20:44:12","guid":{"rendered":"https:\/\/wordpress-972860-4677930.cloudwaysapps.com\/?page_id=705"},"modified":"2024-08-30T14:48:35","modified_gmt":"2024-08-30T20:48:35","slug":"sitala","status":"publish","type":"page","link":"https:\/\/lekilkuxlejaltaosilal.org\/en\/sitala\/","title":{"rendered":"MUNICIPALITY Sital\u00e1"},"content":{"rendered":"<div data-elementor-type=\"wp-page\" data-elementor-id=\"705\" class=\"elementor elementor-705\" data-elementor-post-type=\"page\">\n\t\t\t\t<div data-particle_enable=\"false\" data-particle-mobile-disabled=\"false\" class=\"elementor-element elementor-element-66f8495 e-flex e-con-boxed e-con e-parent\" data-id=\"66f8495\" data-element_type=\"container\" data-e-type=\"container\">\n\t\t\t\t\t<div class=\"e-con-inner\">\n\t\t<div data-particle_enable=\"false\" data-particle-mobile-disabled=\"false\" class=\"elementor-element elementor-element-5eaa526 e-con-full e-flex e-con e-child\" data-id=\"5eaa526\" data-element_type=\"container\" data-e-type=\"container\">\n\t\t\t\t<div class=\"elementor-element elementor-element-4da80ab elementor-widget elementor-widget-heading\" data-id=\"4da80ab\" data-element_type=\"widget\" data-e-type=\"widget\" data-widget_type=\"heading.default\">\n\t\t\t\t<div class=\"elementor-widget-container\">\n\t\t\t\t\t<h2 class=\"elementor-heading-title elementor-size-default\">Sital\u00e1\n<\/h2>\t\t\t\t<\/div>\n\t\t\t\t<\/div>\n\t\t\t\t<\/div>\n\t\t\t\t\t<\/div>\n\t\t\t\t<\/div>\n\t\t<div data-particle_enable=\"false\" data-particle-mobile-disabled=\"false\" class=\"elementor-element elementor-element-1ab39d1 e-flex e-con-boxed e-con e-parent\" data-id=\"1ab39d1\" data-element_type=\"container\" data-e-type=\"container\">\n\t\t\t\t\t<div class=\"e-con-inner\">\n\t\t\t\t<div class=\"elementor-element elementor-element-e24c848 elementor-widget elementor-widget-ucaddon_post_grid\" data-id=\"e24c848\" data-element_type=\"widget\" data-e-type=\"widget\" data-widget_type=\"ucaddon_post_grid.default\">\n\t\t\t\t<div class=\"elementor-widget-container\">\n\t\t\t\t\t<!-- start Post Grid -->\n\t\t<link id='font-awesome-css' href='https:\/\/lekilkuxlejaltaosilal.org\/wp-content\/plugins\/unlimited-elements-for-elementor-premium\/assets_libraries\/font-awesome5\/css\/fontawesome-all.min.css' type='text\/css' rel='stylesheet' >\n\t\t<link id='font-awesome-4-shim-css' href='https:\/\/lekilkuxlejaltaosilal.org\/wp-content\/plugins\/unlimited-elements-for-elementor-premium\/assets_libraries\/font-awesome5\/css\/fontawesome-v4-shims.css' type='text\/css' rel='stylesheet' >\n\n\t\t\t<style type=\"text\/css\">\/* widget: Post Grid *\/\n\n\n\n#uc_post_grid_elementor_e24c848{\n  min-height: 1px;\n}\n\n#uc_post_grid_elementor_e24c848.uc_post_grid_style_one .uc_post_grid_style_one_wrap {\n   display:grid;\n}\n\n\n#uc_post_grid_elementor_e24c848 .uc_post_grid_style_one_item{\n  position:relative;\n}\n\n#uc_post_grid_elementor_e24c848 .uc_post_image{\n  transition:0.3s;\n  position:relative;\n  overflow:hidden;\n}\n\n#uc_post_grid_elementor_e24c848 .uc_post_image img{\n  width:100%;\n  display:block;\n  transition:0.3s;\n}\n\n\t#uc_post_grid_elementor_e24c848 .ue-item:hover .uc_post_image img    {\n      transform:scale(1.1,1.1);\n    }\n\t\n\n#uc_post_grid_elementor_e24c848 .uc_post_image_overlay{\n  position:absolute;\n  top:0px;\n  left:0px;\n  height:100%;\n  width:100%;\n  transition:0.3s;\n}\n\n#uc_post_grid_elementor_e24c848 .uc_more_btn-custom-field{\n  display:inline-block;\n  text-align:center;\n  text-decoration:none;\n  transition:0.3s;\n}\n\n#uc_post_grid_elementor_e24c848 .uc_more_btn{\n  display:inline-block;\n  text-align:center;\n  text-decoration:none;\n  transition:0.3s;\n}\n\n.ue-grid-item-category a{\n  display:inline-block;\n  font-size:10px;\n  position: relative;\n  z-index: 1;\n}\n\n#uc_post_grid_elementor_e24c848 .ue-grid-item-category a{\n    cursor: text;\n  }\n\n.uc_post_title{\n  font-size:21px;\n}\n\n\n\n  #uc_post_grid_elementor_e24c848 .ue_post_grid_item{\n    display:flex;\n    flex-direction:column;\n  }\n\n  #uc_post_grid_elementor_e24c848.uc_post_grid_style_one .uc_content{\n   flex-grow:1;\n  }\n\n  #uc_post_grid_elementor_e24c848.uc_post_grid_style_one .uc_content > div{\n    height:100%;\n    display:flex;\n    flex-direction:column;\n    justify-content: space-between;  }\n\n    #uc_post_grid_elementor_e24c848 .uc_post_button   {\n     margin-top:auto;\n   }\n  \n\n\n\n\n\n\n\n\n\n\n\n\n#uc_post_grid_elementor_e24c848 .ue-meta-data{  \n  display:flex;\n  flex-wrap: wrap;\n  line-height:1em;\n}\n\n#uc_post_grid_elementor_e24c848 .ue-grid-item-meta-data{\n  display:inline-flex;\n  align-items:center;\n}\n\n#uc_post_grid_elementor_e24c848 .ue-grid-item-meta-data a{\n  color:inherit;\n}\n\n.ue-grid-item-meta-data{\n  font-size:12px;\n}\n\n#uc_post_grid_elementor_e24c848 .ue-grid-item-meta-data-icon{\n  line-height:1em;\n}\n\n#uc_post_grid_elementor_e24c848 .ue-grid-item-meta-data-icon svg{\n  width:1em;\n  height:1em;\n}\n\n#uc_post_grid_elementor_e24c848 .ue-debug-meta{\n  padding:10px;\n  border:1px solid red;\n  position:relative;\n  line-height:1.5em;\n  font-size:11px;\n  width:100%;\n}\n\n#uc_post_grid_elementor_e24c848 .uc_btn_inner{\n  display:inline-flex;\n  align-items:center;\n}\n\n#uc_post_grid_elementor_e24c848 .uc_btn_inner svg{\n  width:1em;\n  height:1em;\n}\n\n\n  #uc_post_grid_elementor_e24c848 .ue_tags_terms{\n    display: flex;\n  }\n\n  .ue_tags_terms{\n    font-size:12px;\n  }\n\n#uc_post_grid_elementor_e24c848 .uc_content_inner{\n  width: 100%;\n}\n\n\n#uc_post_grid_elementor_e24c848_item1 [href=\"javascript:void(0)\"]{\n  cursor: unset;\n}\n\n\n#uc_post_grid_elementor_e24c848_item2 [href=\"javascript:void(0)\"]{\n  cursor: unset;\n}\n\n\n#uc_post_grid_elementor_e24c848_item3 [href=\"javascript:void(0)\"]{\n  cursor: unset;\n}\n\n\n<\/style>\n\n\t\t\t<div class=\"uc_post_grid_style_one\" id=\"uc_post_grid_elementor_e24c848\"  >\n\t\t<div class=\"uc_post_grid_style_one_wrap ue_post_grid uc-items-wrapper\">\n\t\t\t\n\n\n\n<div id=\"uc_post_grid_elementor_e24c848_item1\" class=\"uc_post_grid_style_one_item ue_post_grid_item ue-item\">\n  \n      <a class=\"uc_post_grid_style_one_image\" href='https:\/\/lekilkuxlejaltaosilal.org\/en\/como-nos-organizamos-sitala-chiapas-2\/' target=\"_self\">\n     <div class=\"uc_post_image\">\n       <img fetchpriority=\"high\" decoding=\"async\" src=\"https:\/\/lekilkuxlejaltaosilal.org\/wp-content\/uploads\/2024\/08\/Como-nos-organizamos-1.webp\"  alt=\"Como nos organizamos\" width=\"320\" height=\"180\">\n       <div class=\"uc_post_image_overlay\"><\/div>\n     <\/div>\n    <\/a>\n   \n  <div class=\"uc_content\">\n    <div class=\"uc_content_inner\">\n      <div class=\"uc_content-info-wrapper\" >\n        \n                 \n        \t        \t\t      \t\t        \n        \t<div class=\"ue-grid-item-category\">\n                            \t              \t\t<a href=\"javascript:void(0);\" class=\"como-nos-organizamos\">How do we organize ourselves?<\/a>\n              \t                      \t<\/div>        \n      \n              \n\n            \t\t\t<div class=\"uc_post_title\"><a class=\"\" href='https:\/\/lekilkuxlejaltaosilal.org\/en\/como-nos-organizamos-sitala-chiapas-2\/' target=\"_self\"><div class=\"ue_p_title\">lekil kuxlejal taosilal Lekil - How we organize ourselves. Sital\u00e1, Chiapas.<\/div><\/a><\/div>\n      \t\n                      \n       \n        <div class=\"ue-meta-data\">\n            \n                \t    \n          <div class=\"ue-grid-item-meta-data\">\n        <span class=\"ue-grid-item-meta-data-icon\"><i class='fas fa-user'><\/i><\/span>                  <a href=\"https:\/\/lekilkuxlejaltaosilal.org\/en\/author\/alfonso\/\">Broadcast <\/a>\n      <\/div>\n                \n        \n\t\n                \n           \n          \t\t\n      \t\t\t\t\n              <div class=\"ue-grid-item-meta-data\"><span class=\"ue-grid-item-meta-data-icon\"><i class=''><\/i><\/span>  <\/div>\n                  \t\n                \n                \n                \n    \t\t\t\n      \n            \n  <\/div>\t\n      \t<div class=\"uc_post_text\"><\/div>\n     \n                 \n      \t      \n    <div class=\"ue_tags_terms\">  <a href=\"https:\/\/lekilkuxlejaltaosilal.org\/en\/tag\/fbc\/\" >Feasts of good food<\/a><a href=\"https:\/\/lekilkuxlejaltaosilal.org\/en\/tag\/sitala\/\" >Sital\u00e1<\/a> <\/div> \n                      \n                                  \n     <\/div>                      \n           <div class=\"uc_post_button\">\n        \n        <a class=\"uc_more_btn\" target=\"_self\" href='https:\/\/lekilkuxlejaltaosilal.org\/en\/como-nos-organizamos-sitala-chiapas-2\/'>\n          <div class=\"uc_btn_inner\">\n            <div class=\"uc_btn_txt\">See<\/div>\n                      <\/div>\n      \t<\/a>\n        \n                \n      <\/div>                           \n \t<\/div>  <\/div>      \n        \n<\/div>\n\n\n\n\n<div id=\"uc_post_grid_elementor_e24c848_item2\" class=\"uc_post_grid_style_one_item ue_post_grid_item ue-item\">\n  \n      <a class=\"uc_post_grid_style_one_image\" href='https:\/\/lekilkuxlejaltaosilal.org\/en\/organizar-a-la-gente\/' target=\"_self\">\n     <div class=\"uc_post_image\">\n       <img decoding=\"async\" src=\"https:\/\/lekilkuxlejaltaosilal.org\/wp-content\/uploads\/2024\/08\/3.webp\"  alt=\"3\" width=\"320\" height=\"180\">\n       <div class=\"uc_post_image_overlay\"><\/div>\n     <\/div>\n    <\/a>\n   \n  <div class=\"uc_content\">\n    <div class=\"uc_content_inner\">\n      <div class=\"uc_content-info-wrapper\" >\n        \n                 \n        \t        \t\t      \t\t        \n        \t<div class=\"ue-grid-item-category\">\n                            \t              \t\t<a href=\"javascript:void(0);\" class=\"como-nos-organizamos\">How do we organize ourselves?<\/a>\n              \t                      \t<\/div>        \n      \n              \n\n            \t\t\t<div class=\"uc_post_title\"><a class=\"\" href='https:\/\/lekilkuxlejaltaosilal.org\/en\/organizar-a-la-gente\/' target=\"_self\"><div class=\"ue_p_title\">Organizing people<\/div><\/a><\/div>\n      \t\n                      \n       \n        <div class=\"ue-meta-data\">\n            \n                \t    \n          <div class=\"ue-grid-item-meta-data\">\n        <span class=\"ue-grid-item-meta-data-icon\"><i class='fas fa-user'><\/i><\/span>                  <a href=\"https:\/\/lekilkuxlejaltaosilal.org\/en\/author\/andre\/\">IDESMAC <\/a>\n      <\/div>\n                \n        \n\t\n                \n           \n          \t\t\n      \t\t\t\t\n              <div class=\"ue-grid-item-meta-data\"><span class=\"ue-grid-item-meta-data-icon\"><i class=''><\/i><\/span>  <\/div>\n                  \t\n                \n                \n                \n    \t\t\t\n      \n            \n  <\/div>\t\n      \t<div class=\"uc_post_text\">Sital\u00e1, Chiapas<\/div>\n     \n                 \n      \t      \n    <div class=\"ue_tags_terms\">  <a href=\"https:\/\/lekilkuxlejaltaosilal.org\/en\/tag\/huertos\/\" >Orchards<\/a><a href=\"https:\/\/lekilkuxlejaltaosilal.org\/en\/tag\/sitala\/\" >Sital\u00e1<\/a> <\/div> \n                      \n                                  \n     <\/div>                      \n           <div class=\"uc_post_button\">\n        \n        <a class=\"uc_more_btn\" target=\"_self\" href='https:\/\/lekilkuxlejaltaosilal.org\/en\/organizar-a-la-gente\/'>\n          <div class=\"uc_btn_inner\">\n            <div class=\"uc_btn_txt\">See<\/div>\n                      <\/div>\n      \t<\/a>\n        \n                \n      <\/div>                           \n \t<\/div>  <\/div>      \n        \n<\/div>\n\n\n\n\n<div id=\"uc_post_grid_elementor_e24c848_item3\" class=\"uc_post_grid_style_one_item ue_post_grid_item ue-item\">\n  \n      <a class=\"uc_post_grid_style_one_image\" href='https:\/\/lekilkuxlejaltaosilal.org\/en\/asi-trabajamos-en-el-huerto-sitala-chiapas\/' target=\"_self\">\n     <div class=\"uc_post_image\">\n       <img decoding=\"async\" src=\"https:\/\/lekilkuxlejaltaosilal.org\/wp-content\/uploads\/2024\/08\/huerto-sitala.webp\"  alt=\"huerto sitala\" width=\"320\" height=\"180\">\n       <div class=\"uc_post_image_overlay\"><\/div>\n     <\/div>\n    <\/a>\n   \n  <div class=\"uc_content\">\n    <div class=\"uc_content_inner\">\n      <div class=\"uc_content-info-wrapper\" >\n        \n                 \n        \t        \t\t      \t\t        \n        \t<div class=\"ue-grid-item-category\">\n                            \t              \t\t<a href=\"javascript:void(0);\" class=\"como-nos-organizamos\">How do we organize ourselves?<\/a>\n              \t                      \t<\/div>        \n      \n              \n\n            \t\t\t<div class=\"uc_post_title\"><a class=\"\" href='https:\/\/lekilkuxlejaltaosilal.org\/en\/asi-trabajamos-en-el-huerto-sitala-chiapas\/' target=\"_self\"><div class=\"ue_p_title\">This is how we work in the garden<\/div><\/a><\/div>\n      \t\n                      \n       \n        <div class=\"ue-meta-data\">\n            \n                \t    \n          <div class=\"ue-grid-item-meta-data\">\n        <span class=\"ue-grid-item-meta-data-icon\"><i class='fas fa-user'><\/i><\/span>                  <a href=\"https:\/\/lekilkuxlejaltaosilal.org\/en\/author\/andre\/\">IDESMAC <\/a>\n      <\/div>\n                \n        \n\t\n                \n           \n          \t\t\n      \t\t\t\t\n              <div class=\"ue-grid-item-meta-data\"><span class=\"ue-grid-item-meta-data-icon\"><i class=''><\/i><\/span>  <\/div>\n                  \t\n                \n                \n                \n    \t\t\t\n      \n            \n  <\/div>\t\n      \t<div class=\"uc_post_text\"><\/div>\n     \n                 \n      \t      \n    <div class=\"ue_tags_terms\">  <a href=\"https:\/\/lekilkuxlejaltaosilal.org\/en\/tag\/huertos\/\" >Orchards<\/a><a href=\"https:\/\/lekilkuxlejaltaosilal.org\/en\/tag\/sitala\/\" >Sital\u00e1<\/a> <\/div> \n                      \n                                  \n     <\/div>                      \n           <div class=\"uc_post_button\">\n        \n        <a class=\"uc_more_btn\" target=\"_self\" href='https:\/\/lekilkuxlejaltaosilal.org\/en\/asi-trabajamos-en-el-huerto-sitala-chiapas\/'>\n          <div class=\"uc_btn_inner\">\n            <div class=\"uc_btn_txt\">See<\/div>\n                      <\/div>\n      \t<\/a>\n        \n                \n      <\/div>                           \n \t<\/div>  <\/div>      \n        \n<\/div>\n\n\t\t<\/div>\n\t<\/div>\n\n\n\n  <div id=\"uc_post_grid_elementor_e24c848_empty_message\" class=\"ue-no-posts-found\"  style=\"display:none\" >No posts found<\/div>\n\n\n\t\t\t<!-- end Post Grid -->\t\t\t\t<\/div>\n\t\t\t\t<\/div>\n\t\t\t\t\t<\/div>\n\t\t\t\t<\/div>\n\t\t\t\t<\/div>","protected":false},"excerpt":{"rendered":"<p>Sital\u00e1 \u00bfC\u00f3mo nos organizamos? Organizar a la gente. IDESMAC Sital\u00e1, Chiapas Sital\u00e1 Ver \u00bfC\u00f3mo trabajamos? C\u00f3mo nos organizamos.\u00a0 IDESMAC Sital\u00e1, Chiapas Sital\u00e1 Ver \u00bfC\u00f3mo nos organizamos? As\u00ed trabajamos en el huerto. Sital\u00e1, Chiapas IDESMAC Sital\u00e1 Ver No posts found<\/p>","protected":false},"author":2,"featured_media":0,"parent":0,"menu_order":0,"comment_status":"closed","ping_status":"closed","template":"","meta":{"_acf_changed":false,"nf_dc_page":"","_bbp_topic_count":0,"_bbp_reply_count":0,"_bbp_total_topic_count":0,"_bbp_total_reply_count":0,"_bbp_voice_count":0,"_bbp_anonymous_reply_count":0,"_bbp_topic_count_hidden":0,"_bbp_reply_count_hidden":0,"_bbp_forum_subforum_count":0,"footnotes":""},"wf_page_folders":[],"class_list":["post-705","page","type-page","status-publish","hentry"],"acf":[],"aioseo_notices":[],"_links":{"self":[{"href":"https:\/\/lekilkuxlejaltaosilal.org\/en\/wp-json\/wp\/v2\/pages\/705","targetHints":{"allow":["GET"]}}],"collection":[{"href":"https:\/\/lekilkuxlejaltaosilal.org\/en\/wp-json\/wp\/v2\/pages"}],"about":[{"href":"https:\/\/lekilkuxlejaltaosilal.org\/en\/wp-json\/wp\/v2\/types\/page"}],"author":[{"embeddable":true,"href":"https:\/\/lekilkuxlejaltaosilal.org\/en\/wp-json\/wp\/v2\/users\/2"}],"replies":[{"embeddable":true,"href":"https:\/\/lekilkuxlejaltaosilal.org\/en\/wp-json\/wp\/v2\/comments?post=705"}],"version-history":[{"count":0,"href":"https:\/\/lekilkuxlejaltaosilal.org\/en\/wp-json\/wp\/v2\/pages\/705\/revisions"}],"wp:attachment":[{"href":"https:\/\/lekilkuxlejaltaosilal.org\/en\/wp-json\/wp\/v2\/media?parent=705"}],"wp:term":[{"taxonomy":"wf_page_folders","embeddable":true,"href":"https:\/\/lekilkuxlejaltaosilal.org\/en\/wp-json\/wp\/v2\/wf_page_folders?post=705"}],"curies":[{"name":"wp","href":"https:\/\/api.w.org\/{rel}","templated":true}]}}